{"id":2,"date":"2020-02-12T17:53:37","date_gmt":"2020-02-12T16:53:37","guid":{"rendered":""},"modified":"2026-03-12T10:10:56","modified_gmt":"2026-03-12T09:10:56","slug":"beispiel-seite","status":"publish","type":"page","link":"https:\/\/www.askoe-grossraming.at\/","title":{"rendered":""},"content":{"rendered":"\n<figure class=\"wp-block-image size-large\"><img loading=\"lazy\" decoding=\"async\" width=\"799\" height=\"226\" src=\"http:\/\/www.askoe-grossraming.at\/wp-content\/uploads\/2022\/02\/custom-logo-1.png\" alt=\"\" class=\"wp-image-431\" srcset=\"https:\/\/www.askoe-grossraming.at\/wp-content\/uploads\/2022\/02\/custom-logo-1.png 799w, https:\/\/www.askoe-grossraming.at\/wp-content\/uploads\/2022\/02\/custom-logo-1-300x85.png 300w, https:\/\/www.askoe-grossraming.at\/wp-content\/uploads\/2022\/02\/custom-logo-1-768x217.png 768w\" sizes=\"auto, (max-width: 767px) 89vw, (max-width: 1000px) 54vw, (max-width: 1071px) 543px, 580px\" \/><\/figure>\n\n\n\n<p>Willkommen beim ASK\u00d6 Gro\u00dframing!<\/p>\n\n\n\n<p><\/p>\n\n\n\n<p><strong>Vereinsphilosophie<\/strong><br>Pflege des Tennissports f\u00fcr alle Alters- und Leistungsstufen, insbesondere die F\u00f6rderung der sportlichen Bet\u00e4tigung im Freizeit-, Leistungs- und Spitzensport. <\/p>\n\n\n\n<p class=\"has-text-align-center\">Die Tennisanlage f\u00fcr Jedermann.<\/p>\n\n\n\n<p><strong>Lust auf ein paar Stunden Tennis?<\/strong><br>Hier geht&#8217;s zur Buchung einer unserer 3 Tennispl\u00e4tze. Die Buchung ist sowohl f\u00fcr Mitglieder des ASK\u00d6 Gro\u00dframing, als auch f\u00fcr G\u00e4ste nach Registrierung mit Email-Adresse und Passwort m\u00f6glich: <a href=\"https:\/\/askoe-grossraming.sportfacility.at\/\">Platzbuchung<\/a><\/p>\n\n\n\n<p>Aktuelle Information rund um unseren Verein findest Du hier: <a href=\"http:\/\/www.askoe-grossraming.at\/?page_id=69\">Aktuelles<\/a><\/p>\n\n\n\n<p>F\u00fcr alle die Instagram haben hier geht&#8217;s zum Profil:<\/p>\n\n\n\n<p><a href=\"https:\/\/www.instagram.com\/askoe_grossraming?igsh=MTI0ejI4MTJ2MDhsOA%3D%3D&amp;utm_source=qr\">https:\/\/www.instagram.com\/askoe_grossraming?igsh=MTI0ejI4MTJ2MDhsOA%3D%3D&amp;utm_source=qr<\/a><\/p>\n\n\n\n<p>Die aktuelle Ausgabe unserer Vereinszeitung kannst Du Dir hier ansehen: <\/p>\n\n\n\n<div class=\"wp-block-file\"><a id=\"wp-block-file--media-cfd2eb9a-ddf6-48e0-b184-2a2808698ee5\" href=\"https:\/\/www.askoe-grossraming.at\/wp-content\/uploads\/2025\/05\/Vereinszeitung2025.pdf\">Vereinszeitung 2025<\/a><a href=\"https:\/\/www.askoe-grossraming.at\/wp-content\/uploads\/2025\/05\/Vereinszeitung2025.pdf\" class=\"wp-block-file__button wp-element-button\" download aria-describedby=\"wp-block-file--media-cfd2eb9a-ddf6-48e0-b184-2a2808698ee5\">Herunterladen<\/a><\/div>\n\n\n\n<figure class=\"wp-block-image size-full\"><img loading=\"lazy\" decoding=\"async\" width=\"2016\" height=\"1512\" src=\"https:\/\/www.askoe-grossraming.at\/wp-content\/uploads\/2025\/05\/Camp2024.jpg\" alt=\"\" class=\"wp-image-761\" srcset=\"https:\/\/www.askoe-grossraming.at\/wp-content\/uploads\/2025\/05\/Camp2024.jpg 2016w, https:\/\/www.askoe-grossraming.at\/wp-content\/uploads\/2025\/05\/Camp2024-300x225.jpg 300w, https:\/\/www.askoe-grossraming.at\/wp-content\/uploads\/2025\/05\/Camp2024-1024x768.jpg 1024w, https:\/\/www.askoe-grossraming.at\/wp-content\/uploads\/2025\/05\/Camp2024-768x576.jpg 768w, https:\/\/www.askoe-grossraming.at\/wp-content\/uploads\/2025\/05\/Camp2024-1536x1152.jpg 1536w\" sizes=\"auto, (max-width: 767px) 89vw, (max-width: 1000px) 54vw, (max-width: 1071px) 543px, 580px\" \/><\/figure>\n","protected":false},"excerpt":{"rendered":"<p>Willkommen beim ASK\u00d6 Gro\u00dframing! VereinsphilosophiePflege des Tennissports f\u00fcr alle Alters- und Leistungsstufen, insbesondere die F\u00f6rderung der sportlichen Bet\u00e4tigung im Freizeit-, Leistungs- und Spitzensport. Die Tennisanlage f\u00fcr Jedermann. Lust auf ein paar Stunden Tennis?Hier geht&#8217;s zur Buchung einer unserer 3 Tennispl\u00e4tze. Die Buchung ist sowohl f\u00fcr Mitglieder des ASK\u00d6 Gro\u00dframing, als auch f\u00fcr G\u00e4ste nach Registrierung &hellip; <\/p>\n<p class=\"link-more\"><a href=\"https:\/\/www.askoe-grossraming.at\/\" class=\"more-link\"><span class=\"screen-reader-text\">\u201e\u201c <\/span>weiterlesen<\/a><\/p>\n","protected":false},"author":1,"featured_media":0,"parent":0,"menu_order":0,"comment_status":"closed","ping_status":"open","template":"","meta":{"footnotes":""},"class_list":["post-2","page","type-page","status-publish","hentry"],"_links":{"self":[{"href":"https:\/\/www.askoe-grossraming.at\/index.php?rest_route=\/wp\/v2\/pages\/2","targetHints":{"allow":["GET"]}}],"collection":[{"href":"https:\/\/www.askoe-grossraming.at\/index.php?rest_route=\/wp\/v2\/pages"}],"about":[{"href":"https:\/\/www.askoe-grossraming.at\/index.php?rest_route=\/wp\/v2\/types\/page"}],"author":[{"embeddable":true,"href":"https:\/\/www.askoe-grossraming.at\/index.php?rest_route=\/wp\/v2\/users\/1"}],"replies":[{"embeddable":true,"href":"https:\/\/www.askoe-grossraming.at\/index.php?rest_route=%2Fwp%2Fv2%2Fcomments&post=2"}],"version-history":[{"count":29,"href":"https:\/\/www.askoe-grossraming.at\/index.php?rest_route=\/wp\/v2\/pages\/2\/revisions"}],"predecessor-version":[{"id":833,"href":"https:\/\/www.askoe-grossraming.at\/index.php?rest_route=\/wp\/v2\/pages\/2\/revisions\/833"}],"wp:attachment":[{"href":"https:\/\/www.askoe-grossraming.at\/index.php?rest_route=%2Fwp%2Fv2%2Fmedia&parent=2"}],"curies":[{"name":"wp","href":"https:\/\/api.w.org\/{rel}","templated":true}]}}